{"id":10,"date":"2024-05-28T07:46:17","date_gmt":"2024-05-28T07:46:17","guid":{"rendered":"https:\/\/omstillingscafe.zieaz.net\/info\/"},"modified":"2024-06-11T15:55:37","modified_gmt":"2024-06-11T13:55:37","slug":"vaerktoejskassen","status":"publish","type":"page","link":"https:\/\/omstillingscafe.zieaz.net\/en\/vaerktoejskassen\/","title":{"rendered":"&#8220;V\u00e6rkt\u00f8jskassen&#8221; i Omstillings Caf\u00e9 Haslev"},"content":{"rendered":"<div class=\"boldgrid-section\">\n<div class=\"container\">\n<div class=\"row\" style=\"padding-top: 10px; padding-bottom: 50px;\">\n<div class=\"col-lg-12 col-md-12 col-sm-12 col-xs-12\">\n<ul class=\"wow bounce\" style=\"border-radius: 21px; border-style: solid; border-width: 4.1px; box-shadow: #606060 12px 14px 17px -1px;\" data-wow-duration=\"1s\" data-wow-delay=\"1s\">\n<li>Gratis samtale p\u00e5 30 minutter 1 gang om m\u00e5neden for mellem 1-3 personer.\n<ul>\n<li>N\u00e6sten alle emner kan stilles &#8211; dog svare jeg\/vi (en &#8220;Omstillings Vejleder&#8221;) kun ud fra relationer til f.eks. Gr\u00f8n omstilling, B\u00e6redygtighed eller de 17 Verdensm\u00e5l.<\/li>\n<li>Hovedform\u00e5let er at starte en samtale eller tankegang til et G\u00f8r-Det-Selv forl\u00f8b.\n<ul>\n<li>Har du en bekymring; kan en gratis Omstillings Vejleder fors\u00f8ge at finde en forklaring p\u00e5 hvorfor, og hvordan en situation er som den er.<\/li>\n<li>Har du et \u00f8nske til \u00e6ndring privat\/hjemme eller for lokalsamfundet; Kan en Omstillings Vejleder fors\u00f8ge at kort\u00e6gge hvor \u00f8nsket kan blive til virkelighed (Inspiration og Iv\u00e6rks\u00e6tteri), eller og hvorfor det m\u00e5ske ikke lige kan lade sig g\u00f8re (Blokerende regler og\/eller fysiske begr\u00e6nsninger).<\/li>\n<\/ul>\n<\/li>\n<li>V\u00e6rkt\u00f8jerne i Omstillings Caf\u00e9 Haslev &#8211; <strong><em>Det vi kan n\u00e5 p\u00e5 30 min<\/em><\/strong>:\n<ul>\n<li>En samtale med en Omstillings Vejleder der tilpasser sig til dine fokusomr\u00e5der (ca. 10-15 minutter) &#8211; vi er dog ogs\u00e5 mennesker, s\u00e5 vi g\u00f8r vores bedste.<\/li>\n<li>En Omstillings Vejleder med noget viden og interesse for lokalsamfundet, Danmark, Andre lande og Plantenen vi bor p\u00e5.<\/li>\n<li>En vurdering af &#8220;din&#8221; situation med tilh\u00f8rende F\u00f8r-Nu-Fremtiden kortl\u00e6gning:\n<ul>\n<li>Det kan v\u00e6re et resume af hvad vi har talt om p\u00e5 email.<\/li>\n<li>En F\u00f8r-Nu-Fremtiden &#8220;tegning&#8221; p\u00e5 et A4 papir.<\/li>\n<li>Mulighed for en Kunstig intelligens (AI) genereret forklaring eller et l\u00f8sningsforslag&nbsp; (Tekst sendt p\u00e5 email); som en Omstillings Vejleder har l\u00e6st og kommenteret p\u00e5. Mulighed for at sammenligne med andre forklaringer eller et l\u00f8sningsforslag der er relevante i lokalsamfundet. De punkter der evt. har et overlap kunne et samarbejde mellem andre m\u00e5ske spire i et eller flere G\u00f8r-Det-Selv projekter. M\u00e5ske kan er allerede der eksisterende projekter i gang lokalt, s\u00e5 du ikke st\u00e5r alene med arbejdet.<\/li>\n<\/ul>\n<\/li>\n<\/ul>\n<\/li>\n<\/ul>\n<\/li>\n<\/ul>\n<p class=\"\">&nbsp;<\/p>\n<ul class=\"\">\n<li><strong><span style=\"text-decoration: underline;\">DET ER ST\u00c5R MED &#8220;SM\u00c5T&#8221;: <em>Desv\u00e6re er noget af vores samfunds &#8220;lim&#8221; kun muliggjort af penge:<\/em><\/span><\/strong>\n<ul class=\"\">\n<li>En Omstillings Vejleder stiller sin tid, viden og venlighed til r\u00e5dighed <span style=\"text-decoration: underline;\">gratis<\/span> i det omfang den enkelte har overskud til. Personligt (Ramesh Patel) tilbyder jeg 1 fuld arbejdsdag til form\u00e5let i Omstillings Caf\u00e9 Haslev: Det er en 8 timers arbejdsdag &#8211; som svare til ca. 4-6 samtaler p\u00e5 en m\u00e5ned.<\/li>\n<li>&#8220;Desv\u00e6re&#8221; bliver jeg (Ramesh Patel) ogs\u00e5 n\u00f8d til at tjene lidt penge til privat brug: Jeg har udgifter til Hus, Mad, Sundhed\/Samfunds sikkerhed, Pensions opsparing mm. <em>Hvor meget er rimeligt at kr\u00e6ve? her er en interessant forretnings forklaring &#8220;<a href=\"https:\/\/www.youtube.com\/watch?v=qIlhSSL3gbY&#038;t=757s\" target=\"_blank\" rel=\"noopener\">Balance the profits and wages<\/a>&#8220;<\/em>:\n<ul class=\"\">\n<li>Her kan min deltagelse i Omstillings Caf\u00e9 Haslev blive med form\u00e5l til &#8220;reklame&#8221; for egne interesser i f\u00f8lge Markedsf\u00f8ringsloven: da jeg ogs\u00e5 tilbyder Workshops udenfor Omstillings Caf\u00e9 Haslev&#8217;s rammer &#8211; men kan v\u00e6re en del af tilbuddet. Det kunne danne grundlag for et potentielt arbejde mellem mig\/Omstillings Vejleder, andre personer, virksomheder og organisationer; i de tilf\u00e6lde hvor de gratis samtaler giver mening at udf\u00f8re et reelt langsigtet arbejde. Her kan en handel opst\u00e5 i form af timel\u00f8n, honorar eller en anden forretningsm\u00e6ssig relation.<\/li>\n<li>En hver b\u00f8r v\u00e6re kritisk omkring et produkt eller en service &#8211; uanset om det er Gratis eller Betalt: I Danmark er vi heldige at have f.eks. Markedsf\u00f8ringsloven og Forbrugerombudsmanden:\n<ul class=\"\">\n<li>Det kan v\u00e6re sv\u00e6rt og uoverskueligt at &#8220;G\u00f8re det rigtige&#8221;:\n<ul class=\"\">\n<li>Nogle gange er der ikke klare retningslinjer, da fremtiden er mere foranderlig i Danmark og Globalt end den har v\u00e6ret i de sidste 10 \u00e5r.<\/li>\n<\/ul>\n<\/li>\n<\/ul>\n<\/li>\n<\/ul>\n<\/li>\n<\/ul>\n<\/li>\n<\/ul>\n<\/div>\n<\/div>\n<div class=\"row\" style=\"padding-top: 50px; padding-bottom: 10px;\">\n<div class=\"col-lg-4 col-md-4 col-sm-4 col-xs-12\">\n<h3 class=\"\">Optimistisk? Du, Jeg, Vi?&nbsp;<\/h3>\n<p class=\"\"><img loading=\"lazy\" decoding=\"async\" class=\"alignnone wp-image-224 size-medium\" style=\"width: 100%;\" src=\"https:\/\/omstillingscafe.zieaz.net\/wp-content\/uploads\/2024\/06\/barriers-300x168.webp\" alt=\"\" width=\"300\" height=\"168\" srcset=\"https:\/\/omstillingscafe.zieaz.net\/wp-content\/uploads\/2024\/06\/barriers-300x168.webp 300w, https:\/\/omstillingscafe.zieaz.net\/wp-content\/uploads\/2024\/06\/barriers-250x140.webp 250w, https:\/\/omstillingscafe.zieaz.net\/wp-content\/uploads\/2024\/06\/barriers-550x309.webp 550w, https:\/\/omstillingscafe.zieaz.net\/wp-content\/uploads\/2024\/06\/barriers-321x180.webp 321w, https:\/\/omstillingscafe.zieaz.net\/wp-content\/uploads\/2024\/06\/barriers-534x300.webp 534w, https:\/\/omstillingscafe.zieaz.net\/wp-content\/uploads\/2024\/06\/barriers-600x337.webp 600w, https:\/\/omstillingscafe.zieaz.net\/wp-content\/uploads\/2024\/06\/barriers.webp 650w\" sizes=\"auto, (max-width: 300px) 100vw, 300px\" \/><\/p>\n<p class=\"\">&nbsp;<\/p>\n<\/div>\n<div class=\"col-lg-4 col-md-4 col-sm-4 col-xs-12\">\n<h3 class=\"\">Ung, \u00c6ldre &#8211; Handling?<\/h3>\n<p class=\"\"><img loading=\"lazy\" decoding=\"async\" class=\"alignnone wp-image-86 size-medium\" style=\"width: 100%;\" src=\"https:\/\/omstillingscafe.zieaz.net\/wp-content\/uploads\/2024\/05\/1305_576_191_107.22362309224_logo3.png\" alt=\"\" width=\"191\" height=\"107\"><\/p>\n<p class=\"\">&nbsp;<\/p>\n<\/div>\n<div class=\"col-lg-4 col-md-4 col-sm-4 col-xs-12\">\n<h3 class=\"\">Fortid &#8211; Nu &#8211; Fremtid?<\/h3>\n<p class=\"\"><img loading=\"lazy\" decoding=\"async\" class=\"alignnone wp-image-57 size-medium\" style=\"width: 100%;\" src=\"https:\/\/omstillingscafe.zieaz.net\/wp-content\/uploads\/2024\/05\/0_309_300_167.79661016949_IMG_20240521_144333_hdr-768x1024.jpg\" alt=\"\" width=\"300\" height=\"167\"><\/p>\n<p class=\"\">&nbsp;<\/p>\n<\/div>\n<\/div>\n<\/div>\n<\/div>\n<div class=\"boldgrid-section\">\n<div class=\"container\">\n<div class=\"row\">\n<div class=\"col-lg-12 col-md-12 col-xs-12 col-sm-12\">\n<p class=\"\">&nbsp;<\/p>\n<\/div>\n<\/div>\n<\/div>\n<\/div>\n","protected":false},"excerpt":{"rendered":"<p>Gratis samtale p\u00e5 30 minutter 1 gang om m\u00e5neden for mellem 1-3 personer. N\u00e6sten alle emner kan stilles &#8211; dog svare jeg\/vi (en &#8220;Omstillings Vejleder&#8221;) kun ud fra relationer til<\/p>\n<div class=\"read-more\"><a class=\"btn button-secondary\" href=\"https:\/\/omstillingscafe.zieaz.net\/en\/vaerktoejskassen\/\">Read More<\/a><\/div>\n","protected":false},"author":1,"featured_media":0,"parent":0,"menu_order":0,"comment_status":"closed","ping_status":"closed","template":"","meta":{"bgseo_title":"","bgseo_description":"","bgseo_robots_index":"index","bgseo_robots_follow":"follow","crio-premium-page-header-override":null,"crio-premium-page-header-select":"none","crio-premium-page-header-featured-image-background":"0","crio-premium-page-header-background":"","footnotes":""},"class_list":["post-10","page","type-page","status-publish"],"_links":{"self":[{"href":"https:\/\/omstillingscafe.zieaz.net\/en\/wp-json\/wp\/v2\/pages\/10","targetHints":{"allow":["GET"]}}],"collection":[{"href":"https:\/\/omstillingscafe.zieaz.net\/en\/wp-json\/wp\/v2\/pages"}],"about":[{"href":"https:\/\/omstillingscafe.zieaz.net\/en\/wp-json\/wp\/v2\/types\/page"}],"author":[{"embeddable":true,"href":"https:\/\/omstillingscafe.zieaz.net\/en\/wp-json\/wp\/v2\/users\/1"}],"replies":[{"embeddable":true,"href":"https:\/\/omstillingscafe.zieaz.net\/en\/wp-json\/wp\/v2\/comments?post=10"}],"version-history":[{"count":10,"href":"https:\/\/omstillingscafe.zieaz.net\/en\/wp-json\/wp\/v2\/pages\/10\/revisions"}],"predecessor-version":[{"id":238,"href":"https:\/\/omstillingscafe.zieaz.net\/en\/wp-json\/wp\/v2\/pages\/10\/revisions\/238"}],"wp:attachment":[{"href":"https:\/\/omstillingscafe.zieaz.net\/en\/wp-json\/wp\/v2\/media?parent=10"}],"curies":[{"name":"wp","href":"https:\/\/api.w.org\/{rel}","templated":true}]}}