{"id":172,"date":"2024-05-29T09:53:12","date_gmt":"2024-05-29T07:53:12","guid":{"rendered":"https:\/\/omstillingscafe.zieaz.net\/?page_id=172"},"modified":"2024-06-11T16:00:27","modified_gmt":"2024-06-11T14:00:27","slug":"eksempel-1-cafe-kaffe-ramesh-patel","status":"publish","type":"page","link":"https:\/\/omstillingscafe.zieaz.net\/en\/eksempel-1-cafe-kaffe-ramesh-patel\/","title":{"rendered":"Eksempel 1 &#8211; Caf\u00e9\/Kaffe &#8211; Ramesh Patel"},"content":{"rendered":"<div class=\"boldgrid-section\">\n<div class=\"container\">\n<div class=\"row\">\n<div class=\"col-lg-12 col-md-12 col-xs-12 col-sm-12\">\n<p class=\"\">&nbsp;<\/p>\n<\/div>\n<\/div>\n<\/div>\n<\/div>\n<div class=\"color4-background-color color-4-text-contrast bg-background-color tmpl-premium-5 boldgrid-section dynamic-gridblock\">\n<div class=\"container\">\n<div class=\"row\" style=\"padding-top: 42px;\">\n<div class=\"col-md-12 col-sm-12 col-xs-12 col-lg-12\">\n<h2 class=\"color5-color\" style=\"margin-bottom: 0;\">Eksempel 1 &#8211; Caf\u00e9\/Kaffe &#8211; Ramesh Patel<\/h2>\n<div class=\"row bg-editor-hr-wrap\">\n<div class=\"col-lg-12 col-md-12 col-xs-12 col-sm-12\">\n<hr class=\"color5-color bg-hr\" style=\"border: 2px solid; margin-left: 0px;\" width=\"25%\">\n<\/div>\n<\/div>\n<\/div>\n<\/div>\n<div class=\"row\" style=\"padding-bottom: 42px;\">\n<div class=\"col-md-6 col-sm-12 col-xs-12 align-column-center col-lg-6\" style=\"padding: 1em;\">\n<p class=\"\">I dette eksempel kommer jeg ind p\u00e5 m\u00e5ske et banalt eksempel omkring <strong>valg af Kaffe.<\/strong><\/p>\n<p class=\"\">Jeg nyder en kop dobbelt espresso om dagen. Jeg laver den selv hjemme, p\u00e5 en udm\u00e6rket budget espresso maskine, afm\u00e5ler m\u00e6ngden af b\u00f8nnerne og kv\u00e6rner kun den m\u00e6ngde der lige passer til den brygning.<\/p>\n<p class=\"\" style=\"text-align: left;\">Dilemma 1 (Kognitiv dissonans): Den kaffe jeg kan k\u00f8be lokalt i Haslev er generelt ikke <a class=\"\" title=\"10 gode grunde til at blive B Corp\" href=\"https:\/\/www.csr.dk\/10-gode-grunde-til-blive-b-corp\" target=\"_blank\" rel=\"noopener\">B Corp Certificeret (Make Business a Force For Good) <\/a>eller har f.eks. en anden mere holistisk tilgang til hele forsyningsk\u00e6den fra jord til kaffekoppen.<\/p>\n<p class=\"\">S\u00e5 i det \u00f8jeblik jeg handler ind, og kigger p\u00e5 alle de mange varianter, m\u00e6rker og farver p\u00e5 poserne for at f\u00e5 mit blikfang, begynder mine tanker og f\u00f8lelser at rumstere: (<em>Kognitiv dissonans pol 1;<\/em> Det er \u00e6rgerligt at kaffe kvaliteten der smager min tunge har en kilopris p\u00e5 ca. 200 &#8211; 300 kr: har jeg r\u00e5d til at k\u00f8be det denne gang?) <-> (<em>Kognitiv dissonans pol 2;<\/em> Ok, m\u00e5ske er denne har denne pakke et B Corp m\u00e6rke p\u00e5, det har f.eks. Fair Trade og \u00d8kologisk p\u00e5: Er det s\u00e5 den jeg b\u00f8r v\u00e6lge? Eller spare pengene ved at k\u00f8be en billigere pakke) <-> (<em>Kognitiv dissonans pol 3:<\/em> Jeg syntes at <span style=\"text-decoration: underline;\"><strong>jeg har brug for kaffen<\/strong><\/span>, jeg fortjener den, mest fordi jeg har overvejet en masse omkring valget, og fordi jeg g\u00f8r noget andet et andet sted<em> &#8211; der forh\u00e5bentligt gavner noget, bare p\u00e5 en anden m\u00e5de &#8211;<\/em> for at opveje hvis der har v\u00e6ret noget for denne pakke kaffeb\u00f8nner &#8211; der ikke har v\u00e6ret helt etisk korrekt&#8230;!?! &#8230;i f\u00f8lge eksperterne&#8230; Kan jeg m\u00e5ske selv blive en &#8220;Kaffe Ekspert?&#8221;).<\/p>\n<p class=\"\">Nu har jeg skrevet &#8220;Caf\u00e9&#8221; i &#8220;Omstillings Caf\u00e9 Haslev&#8221;; er det s\u00e5 bare for at lokke med tanken om, at her er det et hyggeligt, afslappende og indbydende sted at v\u00e6re <em>(uanset hvad emnet kunne v\u00e6re)<\/em>, eller skulle der rent faktisk v\u00e6re en mulighed for at k\u00f8be en kop der er fyldt med potentialet for kaffe der ogs\u00e5 rummer en god mavefornemmelse og mening? Et eksempel p\u00e5 fremtidens Gr\u00f8nne omstilling?<\/p>\n<p class=\"\"><span style=\"text-decoration: underline;\"><strong>Skal der v\u00e6re den mulighed, at kunne k\u00f8be en kop kaffe af h\u00f8j standard i Omstillings Caf\u00e9 Haslev?<\/strong><\/span><\/p>\n<p class=\"\">En af mine personlige inspirationskilder: <a title=\"Meyers er pr. januar 2023 en del af den anerkendte globale certificering, der dokumenterer, at virksomheder lever op til de h\u00f8jeste krav inden for gennemsigtighed og social og milj\u00f8m\u00e6ssig ansvarlighed. P\u00e5 den m\u00e5de kommer vi i fornemt selskab af 6.000 virksomheder p\u00e5 verdensplan, der har det som erkl\u00e6ret m\u00e5l at bruge forretning til at g\u00f8re en positiv forskel.\" href=\"https:\/\/meyers.dk\/erhverv\/baeredygtighed\/b-corp\/\" target=\"_blank\" rel=\"noopener\">https:\/\/meyers.dk\/erhverv\/baeredygtighed\/b-corp\/<\/a><\/p>\n<\/div>\n<div class=\"col-md-6 col-sm-6 col-xs-12 align-column-center col-lg-6\" style=\"padding: 1em;\">\n<p class=\"\" style=\"text-align: center;\"><img loading=\"lazy\" decoding=\"async\" class=\"bg-img bg-img-circle alignnone wp-image-191 size-medium\" src=\"https:\/\/omstillingscafe.zieaz.net\/wp-content\/uploads\/2024\/05\/90_0_300_258.31903945111_Skaermbillede-fra-2024-05-29-08-23-14-768x502.png\" alt=\"\" width=\"300\" height=\"258\"><\/p>\n<\/div>\n<\/div>\n<div class=\"row\" style=\"padding-bottom: 42px;\">\n<div class=\"col-md-4 col-sm-4 col-xs-12 col-lg-4\" style=\"padding: 1em;\">\n<h3 class=\"\" style=\"margin-top: 0;\">Kom med din mening<\/h3>\n<p class=\"\">M\u00e5ske har du ogs\u00e5 &#8220;brug for kaffe&#8221; for at kunne g\u00f8re daglige arbejde? Hvad er dine tanker om vigtige madvare, drikkelse, og nydelse som f.eks. fredagsslik.<\/p>\n<\/div>\n<div class=\"col-md-4 col-sm-4 col-xs-12 col-lg-4\" style=\"padding: 1em;\">\n<h3 class=\"\" style=\"margin-top: 0;\">Har du en id\u00e9\/tanke du vil dele<\/h3>\n<p class=\"\">N\u00e5r jeg st\u00e5r og fylder i opvaske maskinen kommer jeg nogle gange p\u00e5 en id\u00e9: &#8220;Den m\u00e5 jeg huske&#8230;&#8221; eller &#8220;Hvorfor er der s\u00e5dan!? &#8230;nogle burde g\u00f8re noget&#8230;&#8221;.<\/p>\n<\/div>\n<div class=\"col-md-4 col-sm-4 col-xs-12 col-lg-4\" style=\"padding: 1em;\">\n<h3 class=\"\" style=\"margin-top: 0;\">Hvad skal JEG g\u00f8re?<\/h3>\n<p class=\"\">Hvad kan jeg g\u00f8re? som har noget med &#8220;Gr\u00f8n omstilling&#8221;, &#8220;B\u00e6redygtighed&#8221;, &#8220;Mirco plastik&#8221;, &#8220;Evighedskemikalier&#8221;, &#8220;Social ulighed&#8221;, &#8220;Verdensm\u00e5l&#8221; for at n\u00e6vne nogle f\u00e5 tanke bobler. Hvad er dine bekymringer eller forslag til handling?<\/p>\n<\/div>\n<\/div>\n<\/div>\n<\/div>\n<div class=\"color2-background-color bg-background-color tmpl-schedule-4 boldgrid-section dynamic-gridblock background-scroll\" style=\"color: #ffffff; background-position: 50% 50%; background-size: cover; background-image: linear-gradient(rgba(51, 49, 46, 0.8), rgba(51, 49, 46, 0.8)), url('https:\/\/omstillingscafe.zieaz.net\/wp-content\/uploads\/2024\/05\/ixlibrb-0.3.5q80fmjpgcropentropycstinysrgbw1600h900fitcrops37d8e2c1bc8859fbc938ff0c04ebfa69.jpg');\" data-bg-overlaycolor=\"rgba(51, 49, 46, 0.8)\" data-image-url=\"https:\/\/omstillingscafe.zieaz.net\/wp-content\/uploads\/2024\/05\/ixlibrb-0.3.5q80fmjpgcropentropycstinysrgbw1600h900fitcrops37d8e2c1bc8859fbc938ff0c04ebfa69.jpg\">\n<div class=\"container\"><\/div>\n<\/div>\n","protected":false},"excerpt":{"rendered":"<p>&nbsp; Eksempel 1 &#8211; Caf\u00e9\/Kaffe &#8211; Ramesh Patel I dette eksempel kommer jeg ind p\u00e5 m\u00e5ske et banalt eksempel omkring valg af Kaffe. Jeg nyder en kop dobbelt espresso om<\/p>\n<div class=\"read-more\"><a class=\"btn button-secondary\" href=\"https:\/\/omstillingscafe.zieaz.net\/en\/eksempel-1-cafe-kaffe-ramesh-patel\/\">Read More<\/a><\/div>\n","protected":false},"author":1,"featured_media":191,"parent":0,"menu_order":0,"comment_status":"closed","ping_status":"closed","template":"","meta":{"bgseo_title":"","bgseo_description":"","bgseo_robots_index":"index","bgseo_robots_follow":"follow","crio-premium-page-header-override":null,"crio-premium-page-header-select":"none","crio-premium-page-header-featured-image-background":"0","crio-premium-page-header-background":"","footnotes":""},"class_list":["post-172","page","type-page","status-publish","has-post-thumbnail"],"_links":{"self":[{"href":"https:\/\/omstillingscafe.zieaz.net\/en\/wp-json\/wp\/v2\/pages\/172","targetHints":{"allow":["GET"]}}],"collection":[{"href":"https:\/\/omstillingscafe.zieaz.net\/en\/wp-json\/wp\/v2\/pages"}],"about":[{"href":"https:\/\/omstillingscafe.zieaz.net\/en\/wp-json\/wp\/v2\/types\/page"}],"author":[{"embeddable":true,"href":"https:\/\/omstillingscafe.zieaz.net\/en\/wp-json\/wp\/v2\/users\/1"}],"replies":[{"embeddable":true,"href":"https:\/\/omstillingscafe.zieaz.net\/en\/wp-json\/wp\/v2\/comments?post=172"}],"version-history":[{"count":8,"href":"https:\/\/omstillingscafe.zieaz.net\/en\/wp-json\/wp\/v2\/pages\/172\/revisions"}],"predecessor-version":[{"id":242,"href":"https:\/\/omstillingscafe.zieaz.net\/en\/wp-json\/wp\/v2\/pages\/172\/revisions\/242"}],"wp:featuredmedia":[{"embeddable":true,"href":"https:\/\/omstillingscafe.zieaz.net\/en\/wp-json\/wp\/v2\/media\/191"}],"wp:attachment":[{"href":"https:\/\/omstillingscafe.zieaz.net\/en\/wp-json\/wp\/v2\/media?parent=172"}],"curies":[{"name":"wp","href":"https:\/\/api.w.org\/{rel}","templated":true}]}}