{"id":7,"date":"2024-05-28T07:46:16","date_gmt":"2024-05-28T07:46:16","guid":{"rendered":"https:\/\/omstillingscafe.zieaz.net\/home\/"},"modified":"2024-05-28T20:24:34","modified_gmt":"2024-05-28T18:24:34","slug":"home","status":"publish","type":"page","link":"https:\/\/omstillingscafe.zieaz.net\/en\/","title":{"rendered":"Home"},"content":{"rendered":"<div class=\"boldgrid-section\">\n<div class=\"container\">\n<div class=\"row\"><\/div>\n<\/div>\n<\/div>\n<div class=\"boldgrid-section background-fixed\" data-image-url=\"https:\/\/omstillingscafe.zieaz.net\/wp-content\/uploads\/2024\/05\/cropped-IMG_20240521_144407_hdr-scaled-1.jpg\" style=\"background-size: cover; background-position: 50% 59%; background-repeat: repeat; background-image: url('https:\/\/omstillingscafe.zieaz.net\/wp-content\/uploads\/2024\/05\/cropped-IMG_20240521_144407_hdr-scaled-1.jpg');\" data-imhwpb-asset-id=\"1177419\" data-bg-color=\"linear-gradient(90deg, RGBA(2,0,36,1) 0%, rgba(9,9,121,1) 35%, rgba(0,212,255,1) 100%)\" data-gradient-obj=\"[{\" value=\"\" :=\"\" rgba=\"\" 2=\"\" 0=\"\" 36=\"\" 1=\"\" left=\"\" :0=\"\" 9=\"\" 121=\"\" :35=\"\" 212=\"\" 255=\"\" :100=\"\">\n<div data-shape=\"mountains\" data-position=\"top\" class=\"boldgrid-section-divider section-divider-top section-divider-mountains\" style=\"width: 100%; height: 115px; overflow: hidden;\" data-flip=\"no\"><svg xmlns=\"http:\/\/www.w3.org\/2000\/svg\" viewBox=\"0 0 1000 100\" preserveAspectRatio=\"none\" style=\"width: 100%; height: 115px; display: block; position: relative; transform: rotate(0deg);\"> <path class=\"boldgrid-shape-fill\" opacity=\"0.33\" d=\"M473,67.3c-203.9,88.3-263.1-34-320.3,0C66,119.1,0,59.7,0,59.7V0h1000v59.7 c0,0-62.1,26.1-94.9,29.3c-32.8,3.3-62.8-12.3-75.8-22.1C806,49.6,745.3,8.7,694.9,4.7S492.4,59,473,67.3z\" style=\"fill: var(--color-3); transform: scaleX(1); transform-origin: center;\" data-scalex=\"1\"><\/path> <path class=\"boldgrid-shape-fill\" opacity=\"0.66\" d=\"M734,67.3c-45.5,0-77.2-23.2-129.1-39.1c-28.6-8.7-150.3-10.1-254,39.1 s-91.7-34.4-149.2,0C115.7,118.3,0,39.8,0,39.8V0h1000v36.5c0,0-28.2-18.5-92.1-18.5C810.2,18.1,775.7,67.3,734,67.3z\" style=\"fill: var(--color-3); transform: scaleX(1); transform-origin: center;\" data-scalex=\"1\"><\/path> <path class=\"boldgrid-shape-fill\" d=\"M766.1,28.9c-200-57.5-266,65.5-395.1,19.5C242,1.8,242,5.4,184.8,20.6C128,35.8,132.3,44.9,89.9,52.5C28.6,63.7,0,0,0,0 h1000c0,0-9.9,40.9-83.6,48.1S829.6,47,766.1,28.9z\" style=\"fill: var(--color-3); transform: scaleX(1); transform-origin: center;\" data-scalex=\"1\"><\/path> <\/svg><\/div>\n<div class=\"container-fluid\">\n<div class=\"row\" data-bg-color=\"\" data-image-url=\"\">\n<div class=\"col-md-6 col-xs-1 col-sm-4 col-lg-6\"><\/div>\n<div class=\"col-md-6 col-xs-11 col-sm-8 col-lg-6\" style=\"background-color: rgba(0, 0, 0, 0.4); padding-top: 11em; padding-bottom: 11em;\">\n<h2 class=\"h5\" style=\"color: #ffffff; text-align: right; margin-right: 10px;\">Inspiration til nye id\u00e9er og forbyggende arbejde:<\/h2>\n<div class=\"row bg-editor-hr-wrap\">\n<div class=\"col-md-12 col-xs-12 col-sm-12 col-lg-12\">\n<div class=\"bg-hr bg-hr-16\" style=\"color: #ffffff; border-bottom-width: 1px;\"><\/div>\n<\/div>\n<\/div>\n<h3 class=\"h1\" style=\"color: #fff; text-align: right;\">Denne Omstillings Caf\u00e9s form\u00e5l er at kortl\u00e6gge <span style=\"text-decoration: underline;\">H<\/span>vordan vi lokalt kan l\u00f8se f.eks. Gr\u00f8n Omstilling. Og <span style=\"text-decoration: underline;\">H<\/span>vorfor det ikke g\u00e5r s\u00e5 hurtigt som vi \u00f8nsker.<\/h3>\n<\/div>\n<\/div>\n<\/div>\n<\/div>\n<div class=\"boldgrid-section\">\n<div class=\"container-fluid\">\n<div class=\"row\" style=\"padding-top: 35px; padding-bottom: 40px;\">\n<div class=\"col-md-12 col-xs-12 col-sm-12 col-lg-12\">\n<p class=\"h5 color5-color\" style=\"text-align: center;\"><em>Fremtiden:<\/em><\/p>\n<h4 class=\"color5-color\" style=\"text-align: center; margin-top: 20px;\">Innovation &#8211; Penge &#8211; Personlig Udvikling &#8211; Samfund<\/h4>\n<\/div>\n<\/div>\n<\/div>\n<\/div>\n<div class=\"gallery-full-width boldgrid-section\">\n<div class=\"container-fluid\">\n<div class=\"row\">\n<div class=\"col-md-6 col-sm-6 col-xs-6 col-lg-6\">\n<div class=\"bg-box-cover bg-box-flush bg-box\">\n<p class=\"mod-reset\"><img loading=\"lazy\" decoding=\"async\" class=\"bg-img alignnone wp-image-63 size-medium\" src=\"https:\/\/omstillingscafe.zieaz.net\/wp-content\/uploads\/2024\/05\/0_770_1000_598.74934861907_IMG_20240521_143030_hdr-scaled.jpg\" alt=\"\" width=\"1000\" height=\"598\" data-imhwpb-asset-id=\"742913\"><\/p>\n<\/div>\n<\/div>\n<div class=\"col-md-6 col-sm-6 col-xs-6 col-lg-6\">\n<div class=\"bg-box-cover bg-box-flush bg-box\">\n<p class=\"mod-reset\"><img loading=\"lazy\" decoding=\"async\" class=\"bg-img alignnone wp-image-76 size-medium\" src=\"https:\/\/omstillingscafe.zieaz.net\/wp-content\/uploads\/2024\/05\/74_0_1000_600_IMG_20230906_183838_hdr-scaled.jpg\" alt=\"\" width=\"1000\" height=\"600\" data-imhwpb-asset-id=\"742914\"><\/p>\n<\/div>\n<\/div>\n<\/div>\n<\/div>\n<\/div>\n<div class=\"boldgrid-section color3-background-color color-3-text-contrast bg-background-color\">\n<div class=\"container-fluid\">\n<div class=\"row\" style=\"padding-bottom: 40px; padding-top: 40px;\">\n<div class=\"col-md-1 col-sm-12 col-xs-12 col-lg-1\"><\/div>\n<div class=\"col-lg-3 col-md-12 col-sm-12 col-xs-12\">\n<div class=\"boldgrid-shortcode\" data-imhwpb-draggable=\"true\">\n<div class=\"widget woocommerce widget_products\"><h4 class=\"widget-title\">Products<\/h4><ul class=\"product_list_widget\"><li>\n\t\n\t<a href=\"https:\/\/omstillingscafe.zieaz.net\/en\/vare\/167\/\">\n\t\t<img loading=\"lazy\" decoding=\"async\" width=\"300\" height=\"300\" src=\"https:\/\/omstillingscafe.zieaz.net\/wp-content\/uploads\/2024\/05\/cropped-logo3-1-300x300.png\" class=\"attachment-woocommerce_thumbnail size-woocommerce_thumbnail\" alt=\"Gratis 30 minutters kortl\u00e6gnings samtale\" srcset=\"https:\/\/omstillingscafe.zieaz.net\/wp-content\/uploads\/2024\/05\/cropped-logo3-1-300x300.png 300w, https:\/\/omstillingscafe.zieaz.net\/wp-content\/uploads\/2024\/05\/cropped-logo3-1-100x100.png 100w, https:\/\/omstillingscafe.zieaz.net\/wp-content\/uploads\/2024\/05\/cropped-logo3-1-150x150.png 150w, https:\/\/omstillingscafe.zieaz.net\/wp-content\/uploads\/2024\/05\/cropped-logo3-1-48x48.png 48w, https:\/\/omstillingscafe.zieaz.net\/wp-content\/uploads\/2024\/05\/305_0_177_177_cropped-logo3-1-768x199.png 177w\" sizes=\"auto, (max-width: 300px) 100vw, 300px\" \/>\t\t<span class=\"product-title\">Gratis 30 minutters kortl\u00e6gnings samtale<\/span>\n\t<\/a>\n\n\t\t\t\t\n\t<span class=\"woocommerce-Price-amount amount\"><bdi>0,00&nbsp;<span class=\"woocommerce-Price-currencySymbol\">kr.<\/span><\/bdi><\/span>\n\t<\/li>\n<\/ul><\/div>\n<\/div>\n<\/div>\n<div class=\"col-md-4 col-xs-12 col-sm-5 align-column-center col-lg-4\">\n<p class=\"mod-reset\"><img loading=\"lazy\" decoding=\"async\" class=\"bg-img bg-img-1 aligncenter wp-image-57 size-medium\" src=\"https:\/\/omstillingscafe.zieaz.net\/wp-content\/uploads\/2024\/05\/0_355_800_578.63470557582_IMG_20240521_144333_hdr-scaled.jpg\" alt=\"\" width=\"800\" height=\"578\" data-imhwpb-asset-id=\"49908\"><\/p>\n<\/div>\n<div class=\"col-md-1 col-sm-1 col-xs-12 col-lg-1\"><\/div>\n<div class=\"col-md-6 col-xs-12 col-sm-6 col-lg-3\">\n<h3 class=\"\">HVEM ER VI<\/h3>\n<p class=\"\">Idag D.28. Maj 2024 er Omstillings Caf\u00e9 Haslev et initiativ taget af Ramesh Patel.&nbsp;<\/p>\n<p class=\"\">Kontakt mig gerne &#8211; s\u00e5 vi kan f\u00e5 defineret og formet Hvor, Hvordan og Hvorfor &#8211; S\u00e5 alle i Faxe kommune kan f\u00e5 gavn af et gratis m\u00f8de med os p\u00e5 ca. 1 time.<\/p>\n<p class=\"\">Min id\u00e9 er at enhver kan f\u00e5 en smule r\u00e5dgivning eller en snak om sm\u00e5t eller stort der handler om &#8220;Gr\u00f8n Omstilling&#8221;, &#8220;B\u00e6redygtighed&#8221; eller bare om fremtidsbekymringer generelt.<\/p>\n<p class=\"\">Ramesh Patel kan r\u00e5dgive indenfor:<\/p>\n<ul class=\"\">\n<li>System forst\u00e5else<\/li>\n<li>Praktisk tilgang til milj\u00f8 analyse og informations s\u00f8gning<\/li>\n<li>Metakrisens mange indgangs vikler<\/li>\n<li>Reparation og DIY af Elektronik, PC, Tr\u00e6 og Metal<\/li>\n<li>Opbygning af id\u00e9er som grundlag for ans\u00f8gninger:\n<ul class=\"\">\n<li>3D Visualisering af din id\u00e9 eller problemstilling<\/li>\n<\/ul>\n<\/li>\n<\/ul>\n<\/div>\n<\/div>\n<\/div>\n<\/div>\n","protected":false},"excerpt":{"rendered":"<p>Inspiration til nye id\u00e9er og forbyggende arbejde: Denne Omstillings Caf\u00e9s form\u00e5l er at kortl\u00e6gge Hvordan vi lokalt kan l\u00f8se f.eks. Gr\u00f8n Omstilling. Og Hvorfor det ikke g\u00e5r s\u00e5 hurtigt som<\/p>\n<div class=\"read-more\"><a class=\"btn button-secondary\" href=\"https:\/\/omstillingscafe.zieaz.net\/en\/vare\/167\/\">Read More<\/a><\/div>\n","protected":false},"author":1,"featured_media":65,"parent":0,"menu_order":0,"comment_status":"closed","ping_status":"closed","template":"","meta":{"bgseo_title":"","bgseo_description":"","bgseo_robots_index":"index","bgseo_robots_follow":"follow","crio-premium-page-header-override":null,"crio-premium-page-header-select":"none","crio-premium-page-header-featured-image-background":"0","crio-premium-page-header-background":"","footnotes":""},"class_list":["post-7","page","type-page","status-publish","has-post-thumbnail","hentry"],"_links":{"self":[{"href":"https:\/\/omstillingscafe.zieaz.net\/en\/wp-json\/wp\/v2\/pages\/7","targetHints":{"allow":["GET"]}}],"collection":[{"href":"https:\/\/omstillingscafe.zieaz.net\/en\/wp-json\/wp\/v2\/pages"}],"about":[{"href":"https:\/\/omstillingscafe.zieaz.net\/en\/wp-json\/wp\/v2\/types\/page"}],"author":[{"embeddable":true,"href":"https:\/\/omstillingscafe.zieaz.net\/en\/wp-json\/wp\/v2\/users\/1"}],"replies":[{"embeddable":true,"href":"https:\/\/omstillingscafe.zieaz.net\/en\/wp-json\/wp\/v2\/comments?post=7"}],"version-history":[{"count":10,"href":"https:\/\/omstillingscafe.zieaz.net\/en\/wp-json\/wp\/v2\/pages\/7\/revisions"}],"predecessor-version":[{"id":171,"href":"https:\/\/omstillingscafe.zieaz.net\/en\/wp-json\/wp\/v2\/pages\/7\/revisions\/171"}],"wp:featuredmedia":[{"embeddable":true,"href":"https:\/\/omstillingscafe.zieaz.net\/en\/wp-json\/wp\/v2\/media\/65"}],"wp:attachment":[{"href":"https:\/\/omstillingscafe.zieaz.net\/en\/wp-json\/wp\/v2\/media?parent=7"}],"curies":[{"name":"wp","href":"https:\/\/api.w.org\/{rel}","templated":true}]}}